{"id":1736,"date":"2020-05-13T07:45:48","date_gmt":"2020-05-13T07:45:48","guid":{"rendered":"http:\/\/entrecamins.com\/sobre-nosotros\/"},"modified":"2020-05-14T08:01:54","modified_gmt":"2020-05-14T08:01:54","slug":"sobre-nosotros","status":"publish","type":"page","link":"https:\/\/entrecamins.com\/es\/sobre-nosotros\/","title":{"rendered":"Sobre nosotros"},"content":{"rendered":"<div class=\"wpb-content-wrapper\"><p>[vc_row css_animation=\u00bb\u00bb row_type=\u00bbrow\u00bb use_row_as_full_screen_section=\u00bbno\u00bb type=\u00bbfull_width\u00bb angled_section=\u00bbno\u00bb text_align=\u00bbleft\u00bb background_image=\u00bb1604&#8243; background_image_as_pattern=\u00bbwithout_pattern\u00bb z_index=\u00bb\u00bb][vc_column width=\u00bb1\/2&#8243;]<div class=\"qode-animation-holder element_from_fade\"><div class=\"qode-animation-holder-inner\"  style=\"-webkit-animation-delay:0.5s; animation-delay:0.5s; -webkit-transition-delay:0.5s; transition-delay:0.5s\">[vc_raw_html]PGRpdiBjbGFzcz0iY2FiZWNlcmEiPg0KPGgxPkVudHJlY2FtaW5zPC9oMT4NCjwvZGl2Pg==[\/vc_raw_html]<\/div><\/div>[\/vc_column][vc_column width=\u00bb1\/2&#8243;][\/vc_column][\/vc_row][vc_row css_animation=\u00bb\u00bb row_type=\u00bbrow\u00bb use_row_as_full_screen_section=\u00bbno\u00bb type=\u00bbgrid\u00bb angled_section=\u00bbno\u00bb text_align=\u00bbleft\u00bb background_image_as_pattern=\u00bbwithout_pattern\u00bb z_index=\u00bb\u00bb el_class=\u00bbptopsecciones\u00bb][vc_column css_animation=\u00bbnone\u00bb width=\u00bb1\/2&#8243;]<div class=\"qode-animation-holder element_from_fade\"><div class=\"qode-animation-holder-inner\"  style=\"-webkit-animation-delay:0.5s; animation-delay:0.5s; -webkit-transition-delay:0.5s; transition-delay:0.5s\">[vc_raw_html]PGgyIGNsYXNzPSJxdWUiPsK\/UXVlIMOpcyBFbnRyZWNhbWlucz88L2gyPg==[\/vc_raw_html]<\/div><\/div>[\/vc_column][vc_column css_animation=\u00bbfadeInRight\u00bb width=\u00bb1\/2&#8243;]<div class=\"qode-animation-holder element_from_fade\"><div class=\"qode-animation-holder-inner\"  style=\"-webkit-animation-delay:1s; animation-delay:1s; -webkit-transition-delay:1s; transition-delay:1s\">[vc_column_text]\u00bfHab\u00e9is experimentado alguna vez la sensaci\u00f3n de que vuestro \u00e1nimo cambia s\u00f3lo con alejaros de la ciudad? \u00bfHab\u00e9is sentido alguna vez como vuestros pulmones se llenan de forma distinta en cuanto vuestros pies pisan terreno no pavimentado? Cualquiera que haya tenido sensaciones como estas hablar\u00e1 nuestro lenguaje, y entender\u00e1 que lo que os proponemos es mucho m\u00e1s que una excursi\u00f3n, un juego o una caminata por la monta\u00f1a.<\/p>\n<p>&nbsp;<\/p>\n<p>Entrecamins es una manera distinta de disfrutar de la naturaleza, de <strong>interactuar con el<a href=\"http:\/\/www.catalunya.com\/espai-natural-protegit-de-les-muntanyes-de-prades-17-17001-11809?language=es\" target=\"_blank\" rel=\"noopener noreferrer\"> medio natural<\/a><\/strong>. La interpretaci\u00f3n m\u00e1s all\u00e1 del senderismo, la conexi\u00f3n m\u00e1s all\u00e1 de la observaci\u00f3n. Sabemos que hay infinitas sensaciones que van m\u00e1s all\u00e1 de andar y ver tierra, piedras, animales y plantas.<\/p>\n<p>&nbsp;<\/p>\n<p>Os ofrecemos <strong><a href=\"http:\/\/entrecamins.com\/es\/actividades-de-team-building\/\">actividades<\/a> y <a href=\"http:\/\/entrecamins.com\/es\/trekking-priorat\/\">guiajes exclusivos<\/a><\/strong> y dise\u00f1ados para vosotros, con recorridos, visitas y experiencias totalmente adaptadas a vuestros gustos y necesidades.[\/vc_column_text]<\/div><\/div>[\/vc_column][\/vc_row][vc_row css_animation=\u00bb\u00bb row_type=\u00bbrow\u00bb use_row_as_full_screen_section=\u00bbno\u00bb type=\u00bbfull_width\u00bb angled_section=\u00bbno\u00bb text_align=\u00bbleft\u00bb background_image_as_pattern=\u00bbwithout_pattern\u00bb z_index=\u00bb\u00bb el_class=\u00bbpaddingsecciones\u00bb][vc_column width=\u00bb1\/2&#8243; css=\u00bb.vc_custom_1588090135506{background-color: #22847a !important;}\u00bb]<div class=\"qode-animation-holder element_from_fade\"><div class=\"qode-animation-holder-inner\"  style=\"-webkit-animation-delay:0.5s; animation-delay:0.5s; -webkit-transition-delay:0.5s; transition-delay:0.5s\">[vc_raw_html]PGRpdiBjbGFzcz0icXVpc29tIj4NCjxoMsK\/UXVpZW4gc29tb3MgRW50cmVjYW1pbnM\/PC9oMj4NCjxkaXYgY2xhc3M9ImVzcGFjaW82MCI+PC9kaXY+DQo8cD5FbnRyZWNhbWlucyBlcyBuYXR1cmFsZXphLCB5IGxhcyBwZXJzb25hcyBxdWUgZXN0YW1vcyBkZXRyw6FzIHNvbW9zIE51cmlhIHkgQ2FybG9zLiBKdW50b3MgZGlzZcOxYW1vcywgcHJvZ3JhbWFtb3MsIGNvb3JkaW5hbW9zIHkgZGlyaWdpbW9zIHRvZG8gbG8gcXVlIGxlIG9mcmVjZW1vcy48L3A+DQo8YnIgLz4NCjxwPkNvbXBhcnRpciB5IGNvbmVjdGFyIGhhbiBzaWRvIHNpZW1wcmUgbG9zIGRlbm9taW5hZG9yZXMgY29tdW5lcyBkZSB0b2RvcyBsb3Mgb3Ryb3MgcHJveWVjdG9zIHByb2Zlc2lvbmFsZXMgcXVlIGhlbW9zIGxsZXZhZG8gYSBjYWJvIGVuIGNvbcO6bi4gTGEgcGFydGljdWxhcmlkYWQgZW4gZXN0ZSBlcyBxdWUgbGEgY29uZXhpw7NuIHZhIG11Y2hvIG3DoXMgYWxsw6EgZGUgbGFzIG90cmFzIHBlcnNvbmFzLiBFc3RhIGNvbmV4acOzbiBsbGVnYSBoYXN0YSBsYSB0aWVycmEsIGxhcyBwaWVkcmFzLCBsYSBoaWVyYmEsIGxvcyBwaW5vcyAuLi48L3A+DQo8YnIgLz4NCjxwPlBhcmEgbm9zb3Ryb3MsIGVzdGUgdHJhYmFqbyBlcyB1bmEgb3BvcnR1bmlkYWQgcGFyYSBjb25vY2VyIGdlbnRlIHkgY29tcGFydGlyIGNvbiBlbGxvcyBzdSB0aWVtcG8gZW4gbGEgbmF0dXJhbGV6YSwgc3UgY29ub2NpbWllbnRvIHkgc3UgYW1vciBwb3IgbGEgdGllcnJhLCBwb3IgZWwgbWVkaW8gYW1iaWVudGUsIHBvciBsYSBtb250YcOxYS48L3A+DQo8L2Rpdj4=[\/vc_raw_html]<\/div><\/div>[\/vc_column][vc_column width=\u00bb1\/2&#8243;][vc_row_inner row_type=\u00bbrow\u00bb type=\u00bbfull_width\u00bb text_align=\u00bbleft\u00bb css_animation=\u00bb\u00bb][vc_column_inner width=\u00bb1\/2&#8243;]<div class=\"qode-animation-holder element_from_fade\"><div class=\"qode-animation-holder-inner\"  style=\"-webkit-animation-delay:0.5s; animation-delay:0.5s; -webkit-transition-delay:0.5s; transition-delay:0.5s\">[vc_single_image image=\u00bb1644&#8243; img_size=\u00bbfull\u00bb alignment=\u00bbcenter\u00bb qode_css_animation=\u00bb\u00bb el_class=\u00bbimgcarles\u00bb][vc_raw_html]PGRpdiBjbGFzcz0icHJlc2VudGFjaW8iPg0KPGgzPkNhcmxlcyBTYW5yb23DoDwvaDM+DQo8cD5HdWlhIGRlIG1vbnRhw7FhLiBEaXJlY2Npw7NuPC9wPg0KPC9kaXY+[\/vc_raw_html]<\/div><\/div>[\/vc_column_inner][vc_column_inner width=\u00bb1\/2&#8243;]<div class=\"qode-animation-holder element_from_fade\"><div class=\"qode-animation-holder-inner\"  style=\"-webkit-animation-delay:1s; animation-delay:1s; -webkit-transition-delay:1s; transition-delay:1s\">[vc_single_image image=\u00bb1640&#8243; img_size=\u00bbfull\u00bb alignment=\u00bbcenter\u00bb qode_css_animation=\u00bb\u00bb el_class=\u00bbimgnuria\u00bb][vc_raw_html]PGRpdiBjbGFzcz0icHJlc2VudGFjaW8iPg0KPGgzPk7DunJpYSBSaW9zPC9oMz4NCjxwPkNvb3JkaW5hY2nDs24geSBjb211bmljYWNpw7NuPC9wPg0KPC9kaXY+[\/vc_raw_html]<\/div><\/div>[\/vc_column_inner][\/vc_row_inner][\/vc_column][\/vc_row]<\/p>\n<\/div>","protected":false},"excerpt":{"rendered":"<p>[vc_row css_animation=\u00bb\u00bb row_type=\u00bbrow\u00bb use_row_as_full_screen_section=\u00bbno\u00bb type=\u00bbfull_width\u00bb angled_section=\u00bbno\u00bb text_align=\u00bbleft\u00bb background_image=\u00bb1604&#8243; background_image_as_pattern=\u00bbwithout_pattern\u00bb z_index=\u00bb\u00bb][vc_column width=\u00bb1\/2&#8243;][\/vc_column][vc_column width=\u00bb1\/2&#8243;][\/vc_column][\/vc_row][vc_row css_animation=\u00bb\u00bb row_type=\u00bbrow\u00bb use_row_as_full_screen_section=\u00bbno\u00bb type=\u00bbgrid\u00bb angled_section=\u00bbno\u00bb text_align=\u00bbleft\u00bb background_image_as_pattern=\u00bbwithout_pattern\u00bb z_index=\u00bb\u00bb el_class=\u00bbptopsecciones\u00bb][vc_column css_animation=\u00bbnone\u00bb width=\u00bb1\/2&#8243;][\/vc_column][vc_column css_animation=\u00bbfadeInRight\u00bb width=\u00bb1\/2&#8243;][\/vc_column][\/vc_row][vc_row css_animation=\u00bb\u00bb row_type=\u00bbrow\u00bb use_row_as_full_screen_section=\u00bbno\u00bb type=\u00bbfull_width\u00bb angled_section=\u00bbno\u00bb text_align=\u00bbleft\u00bb background_image_as_pattern=\u00bbwithout_pattern\u00bb z_index=\u00bb\u00bb el_class=\u00bbpaddingsecciones\u00bb][vc_column width=\u00bb1\/2&#8243; css=\u00bb.vc_custom_1588090135506{background-color: #22847a !important;}\u00bb][\/vc_column][vc_column width=\u00bb1\/2&#8243;][vc_row_inner row_type=\u00bbrow\u00bb type=\u00bbfull_width\u00bb text_align=\u00bbleft\u00bb css_animation=\u00bb\u00bb][vc_column_inner width=\u00bb1\/2&#8243;][\/vc_column_inner][vc_column_inner width=\u00bb1\/2&#8243;][\/vc_column_inner][\/vc_row_inner][\/vc_column][\/vc_row]<\/p>\n","protected":false},"author":9,"featured_media":0,"parent":0,"menu_order":0,"comment_status":"closed","ping_status":"closed","template":"full_width.php","meta":{"footnotes":""},"class_list":["post-1736","page","type-page","status-publish","hentry"],"yoast_head":"<!-- This site is optimized with the Yoast SEO plugin v22.7 - https:\/\/yoast.com\/wordpress\/plugins\/seo\/ -->\n<title>Entrecamins | Actividades y experiencias de monta\u00f1a en el Montsant<\/title>\n<meta name=\"description\" content=\"En Entrecamins ofrecemos actividades y experiecias de monta\u00f1a personalizadas en el Parque Natural de la Sierra del Montsant o cualquier parte de Catalu\u00f1a.\" \/>\n<meta name=\"robots\" content=\"index, follow, max-snippet:-1, max-image-preview:large, max-video-preview:-1\" \/>\n<link rel=\"canonical\" href=\"https:\/\/entrecamins.com\/es\/sobre-nosotros\/\" \/>\n<meta property=\"og:locale\" content=\"es_ES\" \/>\n<meta property=\"og:type\" content=\"article\" \/>\n<meta property=\"og:title\" content=\"Entrecamins | Actividades y experiencias de monta\u00f1a en el Montsant\" \/>\n<meta property=\"og:description\" content=\"En Entrecamins ofrecemos actividades y experiecias de monta\u00f1a personalizadas en el Parque Natural de la Sierra del Montsant o cualquier parte de Catalu\u00f1a.\" \/>\n<meta property=\"og:url\" content=\"https:\/\/entrecamins.com\/es\/sobre-nosotros\/\" \/>\n<meta property=\"og:site_name\" content=\"entrecamins.com\" \/>\n<meta property=\"article:modified_time\" content=\"2020-05-14T08:01:54+00:00\" \/>\n<meta name=\"twitter:card\" content=\"summary_large_image\" \/>\n<meta name=\"twitter:label1\" content=\"Tiempo de lectura\" \/>\n\t<meta name=\"twitter:data1\" content=\"3 minutos\" \/>\n<script type=\"application\/ld+json\" class=\"yoast-schema-graph\">{\"@context\":\"https:\/\/schema.org\",\"@graph\":[{\"@type\":\"WebPage\",\"@id\":\"https:\/\/entrecamins.com\/es\/sobre-nosotros\/\",\"url\":\"https:\/\/entrecamins.com\/es\/sobre-nosotros\/\",\"name\":\"Entrecamins | Actividades y experiencias de monta\u00f1a en el Montsant\",\"isPartOf\":{\"@id\":\"https:\/\/entrecamins.com\/es\/#website\"},\"datePublished\":\"2020-05-13T07:45:48+00:00\",\"dateModified\":\"2020-05-14T08:01:54+00:00\",\"description\":\"En Entrecamins ofrecemos actividades y experiecias de monta\u00f1a personalizadas en el Parque Natural de la Sierra del Montsant o cualquier parte de Catalu\u00f1a.\",\"breadcrumb\":{\"@id\":\"https:\/\/entrecamins.com\/es\/sobre-nosotros\/#breadcrumb\"},\"inLanguage\":\"es\",\"potentialAction\":[{\"@type\":\"ReadAction\",\"target\":[\"https:\/\/entrecamins.com\/es\/sobre-nosotros\/\"]}]},{\"@type\":\"BreadcrumbList\",\"@id\":\"https:\/\/entrecamins.com\/es\/sobre-nosotros\/#breadcrumb\",\"itemListElement\":[{\"@type\":\"ListItem\",\"position\":1,\"name\":\"Inici\",\"item\":\"https:\/\/entrecamins.com\/es\/\"},{\"@type\":\"ListItem\",\"position\":2,\"name\":\"Sobre nosotros\"}]},{\"@type\":\"WebSite\",\"@id\":\"https:\/\/entrecamins.com\/es\/#website\",\"url\":\"https:\/\/entrecamins.com\/es\/\",\"name\":\"entrecamins.com\",\"description\":\"Entre camins\",\"potentialAction\":[{\"@type\":\"SearchAction\",\"target\":{\"@type\":\"EntryPoint\",\"urlTemplate\":\"https:\/\/entrecamins.com\/es\/?s={search_term_string}\"},\"query-input\":\"required name=search_term_string\"}],\"inLanguage\":\"es\"}]}<\/script>\n<!-- \/ Yoast SEO plugin. -->","yoast_head_json":{"title":"Entrecamins | Actividades y experiencias de monta\u00f1a en el Montsant","description":"En Entrecamins ofrecemos actividades y experiecias de monta\u00f1a personalizadas en el Parque Natural de la Sierra del Montsant o cualquier parte de Catalu\u00f1a.","robots":{"index":"index","follow":"follow","max-snippet":"max-snippet:-1","max-image-preview":"max-image-preview:large","max-video-preview":"max-video-preview:-1"},"canonical":"https:\/\/entrecamins.com\/es\/sobre-nosotros\/","og_locale":"es_ES","og_type":"article","og_title":"Entrecamins | Actividades y experiencias de monta\u00f1a en el Montsant","og_description":"En Entrecamins ofrecemos actividades y experiecias de monta\u00f1a personalizadas en el Parque Natural de la Sierra del Montsant o cualquier parte de Catalu\u00f1a.","og_url":"https:\/\/entrecamins.com\/es\/sobre-nosotros\/","og_site_name":"entrecamins.com","article_modified_time":"2020-05-14T08:01:54+00:00","twitter_card":"summary_large_image","twitter_misc":{"Tiempo de lectura":"3 minutos"},"schema":{"@context":"https:\/\/schema.org","@graph":[{"@type":"WebPage","@id":"https:\/\/entrecamins.com\/es\/sobre-nosotros\/","url":"https:\/\/entrecamins.com\/es\/sobre-nosotros\/","name":"Entrecamins | Actividades y experiencias de monta\u00f1a en el Montsant","isPartOf":{"@id":"https:\/\/entrecamins.com\/es\/#website"},"datePublished":"2020-05-13T07:45:48+00:00","dateModified":"2020-05-14T08:01:54+00:00","description":"En Entrecamins ofrecemos actividades y experiecias de monta\u00f1a personalizadas en el Parque Natural de la Sierra del Montsant o cualquier parte de Catalu\u00f1a.","breadcrumb":{"@id":"https:\/\/entrecamins.com\/es\/sobre-nosotros\/#breadcrumb"},"inLanguage":"es","potentialAction":[{"@type":"ReadAction","target":["https:\/\/entrecamins.com\/es\/sobre-nosotros\/"]}]},{"@type":"BreadcrumbList","@id":"https:\/\/entrecamins.com\/es\/sobre-nosotros\/#breadcrumb","itemListElement":[{"@type":"ListItem","position":1,"name":"Inici","item":"https:\/\/entrecamins.com\/es\/"},{"@type":"ListItem","position":2,"name":"Sobre nosotros"}]},{"@type":"WebSite","@id":"https:\/\/entrecamins.com\/es\/#website","url":"https:\/\/entrecamins.com\/es\/","name":"entrecamins.com","description":"Entre camins","potentialAction":[{"@type":"SearchAction","target":{"@type":"EntryPoint","urlTemplate":"https:\/\/entrecamins.com\/es\/?s={search_term_string}"},"query-input":"required name=search_term_string"}],"inLanguage":"es"}]}},"_links":{"self":[{"href":"https:\/\/entrecamins.com\/es\/wp-json\/wp\/v2\/pages\/1736","targetHints":{"allow":["GET"]}}],"collection":[{"href":"https:\/\/entrecamins.com\/es\/wp-json\/wp\/v2\/pages"}],"about":[{"href":"https:\/\/entrecamins.com\/es\/wp-json\/wp\/v2\/types\/page"}],"author":[{"embeddable":true,"href":"https:\/\/entrecamins.com\/es\/wp-json\/wp\/v2\/users\/9"}],"replies":[{"embeddable":true,"href":"https:\/\/entrecamins.com\/es\/wp-json\/wp\/v2\/comments?post=1736"}],"version-history":[{"count":4,"href":"https:\/\/entrecamins.com\/es\/wp-json\/wp\/v2\/pages\/1736\/revisions"}],"predecessor-version":[{"id":1785,"href":"https:\/\/entrecamins.com\/es\/wp-json\/wp\/v2\/pages\/1736\/revisions\/1785"}],"wp:attachment":[{"href":"https:\/\/entrecamins.com\/es\/wp-json\/wp\/v2\/media?parent=1736"}],"curies":[{"name":"wp","href":"https:\/\/api.w.org\/{rel}","templated":true}]}}