{"id":1742,"date":"2020-05-13T08:01:39","date_gmt":"2020-05-13T08:01:39","guid":{"rendered":"http:\/\/entrecamins.com\/actividades-de-team-building\/"},"modified":"2020-05-17T16:17:29","modified_gmt":"2020-05-17T16:17:29","slug":"actividades-de-team-building","status":"publish","type":"page","link":"https:\/\/entrecamins.com\/es\/actividades-de-team-building\/","title":{"rendered":"Actividades de Team Building"},"content":{"rendered":"<div class=\"wpb-content-wrapper\"><p>[vc_row css_animation=\u00bb\u00bb row_type=\u00bbrow\u00bb use_row_as_full_screen_section=\u00bbno\u00bb type=\u00bbfull_width\u00bb angled_section=\u00bbno\u00bb text_align=\u00bbleft\u00bb background_image=\u00bb1514&#8243; background_image_as_pattern=\u00bbwithout_pattern\u00bb z_index=\u00bb\u00bb][vc_column width=\u00bb1\/2&#8243;]<div class=\"qode-animation-holder element_from_fade\"><div class=\"qode-animation-holder-inner\"  style=\"-webkit-animation-delay:0.5s; animation-delay:0.5s; -webkit-transition-delay:0.5s; transition-delay:0.5s\">[vc_raw_html]PGRpdiBjbGFzcz0iY2FiZWNlcmEiPg0KPGgxPlRlYW0gYnVpbGRpbmcgcGFyYSBlbXByZXNlcyBlbiBlbCBtZWRpbyBuYXR1cmFsPC9oMT4NCjwvZGl2Pg==[\/vc_raw_html]<\/div><\/div>[\/vc_column][vc_column width=\u00bb1\/2&#8243;][\/vc_column][\/vc_row][vc_row css_animation=\u00bb\u00bb row_type=\u00bbrow\u00bb use_row_as_full_screen_section=\u00bbno\u00bb type=\u00bbgrid\u00bb angled_section=\u00bbno\u00bb text_align=\u00bbleft\u00bb background_image_as_pattern=\u00bbwithout_pattern\u00bb z_index=\u00bb\u00bb el_class=\u00bbptopsecciones\u00bb css=\u00bb.vc_custom_1588947915106{padding-bottom: 30px !important;}\u00bb][vc_column css_animation=\u00bbnone\u00bb width=\u00bb1\/2&#8243;]<div class=\"qode-animation-holder element_from_fade\"><div class=\"qode-animation-holder-inner\"  style=\"-webkit-animation-delay:0.5s; animation-delay:0.5s; -webkit-transition-delay:0.5s; transition-delay:0.5s\">[vc_raw_html]PGgyIGNsYXNzPSJpbnRyb2FjdGl2aWRhZCI+T2ZyZWNlbW9zIGV4cGVyaWVuY2lhcyB5IGpvcm5hZGFzIGRlIHRlYW0gYnVpbGRpbmcgcGFyYSBlbXByZXNhcyBlbiB1biBlbnRvcm5vIG5hdHVyYWwuPC9oMj4=[\/vc_raw_html]<\/div><\/div>[\/vc_column][vc_column css_animation=\u00bbfadeInRight\u00bb width=\u00bb1\/2&#8243;]<div class=\"qode-animation-holder element_from_fade\"><div class=\"qode-animation-holder-inner\"  style=\"-webkit-animation-delay:1s; animation-delay:1s; -webkit-transition-delay:1s; transition-delay:1s\">[vc_column_text]Actividades enfocadas a la mejora de la cohesi\u00f3n de equipos, incremento de la motivaci\u00f3n, mejora del rendimiento y creaci\u00f3n de buen ambiente de trabajo en general. La naturaleza y el deporte son los hilos conductores para incentivar el crecimiento personal y grupal. Aprovechando los contrastados beneficios que nos aporta el encontrarse en contacto con la naturaleza, desarrollamos diversas actividades, algunas m\u00e1s l\u00fadicas, otras m\u00e1s participativas, otras m\u00e1s f\u00edsicas, pero siempre con el mismo objetivo, el de mejorar nuestro rendimiento en el trabajo.[\/vc_column_text]<\/div><\/div>[\/vc_column][\/vc_row][vc_row css_animation=\u00bb\u00bb row_type=\u00bbrow\u00bb use_row_as_full_screen_section=\u00bbno\u00bb type=\u00bbgrid\u00bb angled_section=\u00bbno\u00bb text_align=\u00bbleft\u00bb background_image_as_pattern=\u00bbwithout_pattern\u00bb z_index=\u00bb\u00bb el_class=\u00bbpbottomsecciones\u00bb][vc_column css_animation=\u00bbnone\u00bb width=\u00bb1\/2&#8243;]<div class=\"qode-animation-holder element_from_fade\"><div class=\"qode-animation-holder-inner\"  style=\"-webkit-animation-delay:1.5s; animation-delay:1.5s; -webkit-transition-delay:1.5s; transition-delay:1.5s\">[vc_column_text]Las experiencias se pueden realizar con la tutela de un coach o formador, que d\u00e9 a la actividad un aire m\u00e1s did\u00e1ctico. Siempre se trata pero, de niveles f\u00e1ciles y asequibles para todos, as\u00ed como adaptables en funci\u00f3n de las necesidades log\u00edsticas de la empresa y siempre con el acompa\u00f1amiento de un gu\u00eda de monta\u00f1a titulado.<\/p>\n<p>[\/vc_column_text]<\/div><\/div>[\/vc_column][vc_column css_animation=\u00bbfadeInRight\u00bb width=\u00bb1\/2&#8243;]<div class=\"qode-animation-holder element_from_fade\"><div class=\"qode-animation-holder-inner\"  style=\"-webkit-animation-delay:2s; animation-delay:2s; -webkit-transition-delay:2s; transition-delay:2s\">[vc_column_text]Ofrecemos paseos por lugares de gran importancia y belleza natural, experiencias combinadas d\u00f3nde est\u00e1 presente la viticultura y la cata de vinos o de aceites, as\u00ed como juegos de pistas o de orientaci\u00f3n, ya sea con mapa u otros aparatos de f\u00e1cil uso.<\/p>\n<p>[\/vc_column_text]<\/div><\/div>[\/vc_column][\/vc_row][vc_row css_animation=\u00bb\u00bb row_type=\u00bbrow\u00bb use_row_as_full_screen_section=\u00bbno\u00bb type=\u00bbfull_width\u00bb angled_section=\u00bbno\u00bb text_align=\u00bbleft\u00bb background_image_as_pattern=\u00bbwithout_pattern\u00bb z_index=\u00bb\u00bb][vc_column width=\u00bb1\/2&#8243; css=\u00bb.vc_custom_1588239702764{background-color: #22847a !important;}\u00bb]<div class=\"qode-animation-holder element_from_fade\"><div class=\"qode-animation-holder-inner\"  style=\"-webkit-animation-delay:0.5s; animation-delay:0.5s; -webkit-transition-delay:0.5s; transition-delay:0.5s\">[vc_raw_html]PGRpdiBjbGFzcz0iY3VhZHJvYWN0aXZpZGFkIj4NCjxoMj5UcmVrJnRlYW0uIFRyZWsmdGVhbS4gT3JpZW50YWNpw7NuIHkgZGVzY3ViaWVydGEgZW1wcmVzYXJpYWwgY29uIGNvYWNoIHkgZm9ybWFkb3IuPC9oMj4NCjxkaXYgY2xhc3M9ImVzcGFjaW8zMCI+PC9kaXY+DQo8cD5UcmVrJlRlYW0gZXMgdW5hIHByb3B1ZXN0YSBwYXJhIGVtcHJlc2FzIHF1ZSBlbWVyZ2UgZGUgbGEgZnVzacOzbiBlbnRyZSBsYSBjb25leGnDs24gY29uIGxhIG5hdHVyYWxlemEgeSBlbCBkZXNhcnJvbGxvIHByb2Zlc2lvbmFsLCBjb24gbGEgaW50ZW5jacOzbiBkZSBtZWpvcmFyIGxhcyBjb21wZXRlbmNpYXMgcGVyc29uYWxlcywgcmVsYWNpb25hbGVzIHkgZGUgZXF1aXBvLCBhIHBhcnRpciBkZSBhY3RpdmlkYWRlcyBndWlhZGFzIGVuIHVuIGVudG9ybm8gbmF0dXJhbC48L3A+DQo8YnIgLz4NCjxwPk9mcmVjZW1vcyB1bmEgc2VyaWUgZGUgYWN0aXZpZGFkZXMgZGUgdGVhbSBidWlsZGluZyBlbiBlc3BhY2lvcyBhYmllcnRvcyBkZSBncmFuIHZhbG9yIG5hdHVyYWwgeSBwYWlzYWrDrXN0aWNvLCBjb24gZWwgb2JqZXRpdm8gZGUgYWJyaXIgdW4gZXNwYWNpbyBkZSB0cmFiYWpvIGNvbXBhcnRpZG8gZGlyaWdpZG8gYSBlbXByZXNhcyB5IG9yZ2FuaXphY2lvbmVzLCBwYXJhIHF1ZSBwdWVkYW4gZGlzZnJ1dGFyIGRlIHVuYSBleHBlcmllbmNpYSBkZSBlcXVpcG8uPC9wPg0KPGJyIC8+DQo8cD5SZWFsaXphbW9zIGxhcyBhY3RpdmlkYWRlcyBwYXJhIGVtcHJlc2FzIHkgb3JnYW5pemFjaW9uZXMgZGUgaGFzdGEgMTUwIHBlcnNvbmFzLCBlbiBjdWFscXVpZXIgcGFydGUgZGUgQ2F0YWx1bnlhLjwvcD4NCjxiciAvPg0KPHA+TGEgYWN0aXZpZGFkIGluY2x1eWUgdG9kbyBlbCBtYXRlcmlhbCBuZWNlc2FyaW8gcGFyYSByZWFsaXphcmxhLCBlbCBhY29tcGHDsWFtaWVudG8gZW4gdG9kbyBtb21lbnRvIGRlIHVuIGd1w61hIGRlIG1vbnRhw7FhIHRpdHVsYWRvLCBjb250ZW5pZG9zIGludGVycHJldGF0aXZvcyB5IHNlZ3VybyBwYXJhIGxhIGFjdGl2aWRhZC48L3A+DQo8ZGl2IGNsYXNzPSJlc3BhY2lvMzAiPjwvZGl2Pg0KPGEgY2xhc3M9ImJvdG9udHJhbnNwYXJlbnRlIiBhIGhyZWY9Imh0dHBzOi8vdHJla2FuZHRlYW0uY29tL2VzLyIgdGFyZ2V0PSJfYmxhbmsiPkRlc2N1YnJlIFRyZWsmVGVhbTwvYT4NCjwvZGl2Pg==[\/vc_raw_html]<\/div><\/div>[\/vc_column][vc_column width=\u00bb1\/2&#8243;][vc_single_image image=\u00bb1525&#8243; img_size=\u00bbfull\u00bb alignment=\u00bbcenter\u00bb qode_css_animation=\u00bbelement_from_fade\u00bb el_class=\u00bbimgderechateambuilding\u00bb][\/vc_column][\/vc_row][vc_row css_animation=\u00bb\u00bb row_type=\u00bbrow\u00bb use_row_as_full_screen_section=\u00bbno\u00bb type=\u00bbfull_width\u00bb angled_section=\u00bbno\u00bb text_align=\u00bbleft\u00bb background_image_as_pattern=\u00bbwithout_pattern\u00bb z_index=\u00bb\u00bb][vc_column width=\u00bb1\/2&#8243;][vc_single_image image=\u00bb1703&#8243; img_size=\u00bbfull\u00bb alignment=\u00bbcenter\u00bb qode_css_animation=\u00bbelement_from_fade\u00bb el_class=\u00bbimgizqteambuilding\u00bb][\/vc_column][vc_column width=\u00bb1\/2&#8243; css=\u00bb.vc_custom_1588838048673{background-color: #6f625a !important;}\u00bb]<div class=\"qode-animation-holder element_from_fade\"><div class=\"qode-animation-holder-inner\"  style=\"-webkit-animation-delay:0.5s; animation-delay:0.5s; -webkit-transition-delay:0.5s; transition-delay:0.5s\">[vc_raw_html]PGRpdiBjbGFzcz0iY3VhZHJvYWN0aXZpZGFkIj4NCjxoMj5DYW1pbmF0YXMgY29uc2NpZW50ZXMuIEludGVycHJldGFjacOzbiB5IGRlc2N1YmllcnRhIGRlbCBtZWRpbzwvaDI+DQo8ZGl2IGNsYXNzPSJlc3BhY2lvMzAiPjwvZGl2Pg0KPHA+UGFyYSB0ZW5lciBsYSBvcG9ydHVuaWRhZCBkZSBlbmNvbnRyYXJzZSBjb24gZWwgZ3J1cG8sIHBlcm8gdGFtYmnDqW4gY29uIHVubyBtaXNtby4gQnVzY2FyIGxhIGNvbmV4acOzbiBjb24gbG9zIGNvbXBhw7Flcm9zLCBhc8OtIGNvbW8gbWlyYXJub3MgY29uIG90cm9zIG9qb3MuIERlc2N1YnJpciBzZWNyZXRvcyBkZSBsYSBuYXR1cmFsZXphIHkgZW50ZW5kZXJsYSBtZWpvci4gRGlzZnJ1dGFyIGRlIHVuYXMgaG9yYXMgZW4gYnVlbmEgY29tcGHDscOtYSBlbiB1biBtYXJjbyBuYXR1cmFsIGluY29tcGFyYWJsZSBxdWUgbm9zIGF5dWRlIGEgc2FjYXIgbG8gbWVqb3IgZGUgbm9zb3Ryb3MgbWlzbW9zLjwvcD4NCjxiciAvPg0KPHA+UGFzZWFyZW1vcyBwb3IgbHVnYXJlcyBkZSBncmFuIGJlbGxlemEgeSB1c2FyZW1vcyBsb3MgNSBzZW50aWRvcyBwYXJhIHNlbnRpciB5IGV4cGVyaW1lbnRhciBlbCBib3NxdWUuIE5vcyBlbmNvbnRyYXJlbW9zIGNvbiDDoXJib2xlcyBxdWUgbm8gaHViacOpcmFtb3MgcG9kaWRvIGltYWdpbmFyLCByZXN0b3MgZGUgbG9zIGhhYml0YW50ZXMgZGUgZXN0b3MgZXNwYWNpb3MgZHVyYW50ZSBsb3Mgw7psdGltb3Mgc2lnbG9zIHkgb3RyYXMgc29ycHJlc2FzIHBhcmEgY29tcGxldGFyIHVuIGTDrWEgZGUgdHJhYmFqbyBtdXkgZXNwZWNpYWwuIDwvcD4NCjxkaXYgY2xhc3M9ImVzcGFjaW82MCI+PC9kaXY+DQo8YSBjbGFzcz0iYm90b250cmFuc3BhcmVudGUiIGEgaHJlZj0iaHR0cHM6Ly9lbnRyZWNhbWlucy5jb20vZXMvY29udGFjdG8iPlBlZGlyIG3DoXMgaW5mb3JtYWNpw7NuLjwvYT4NCjwvZGl2Pg==[\/vc_raw_html]<\/div><\/div>[\/vc_column][\/vc_row][vc_row css_animation=\u00bb\u00bb row_type=\u00bbrow\u00bb use_row_as_full_screen_section=\u00bbno\u00bb type=\u00bbfull_width\u00bb angled_section=\u00bbno\u00bb text_align=\u00bbleft\u00bb background_image_as_pattern=\u00bbwithout_pattern\u00bb z_index=\u00bb\u00bb][vc_column width=\u00bb1\/2&#8243; css=\u00bb.vc_custom_1588239702764{background-color: #22847a !important;}\u00bb]<div class=\"qode-animation-holder element_from_fade\"><div class=\"qode-animation-holder-inner\"  style=\"-webkit-animation-delay:0.5s; animation-delay:0.5s; -webkit-transition-delay:0.5s; transition-delay:0.5s\">[vc_raw_html]PGRpdiBjbGFzcz0iY3VhZHJvYWN0aXZpZGFkIj4NCjxoMj5KdWVnb3MgZGUgb3JpZW50YWNpw7NuPC9oMj4NCjxkaXYgY2xhc3M9ImVzcGFjaW8zMCI+PC9kaXY+DQo8cD5Pcmdhbml6YXJzZSwgdHJhYmFqYXIgZW4gZXF1aXBvLCBjb29yZGluYXJzZSwgZXN0YWJsZWNlciBlc3RyYXRlZ2lhcyB5IHRvbWFyIGRlY2lzaW9uZXMuIFNlIHB1ZWRlIGhhY2VyIGRlIGZvcm1hIGRpdmVydGlkYSEgQSBwYXJ0aXIgZGUgdW4gbWFwYSwgbG9zIHBhcnRpY2lwYW50ZXMgZGViZW4gbG9jYWxpemFyIHVuYSBzZXJpZSBkZSBwdW50b3MgZW4gdW4gw6FyZWEgZGV0ZXJtaW5hZGEuIEFkYXB0YWJsZSBlbiBkdXJhY2nDs24geSBkaWZpY3VsdGFkLCBwZXJvIHNpZW1wcmUgZW4gdW4gZXNwYWNpbyBhZ3JhZGFibGUgeSBxdWUgbm9zIHBlcm1pdGEgZGVzY29uZWN0YXIgY29uIGVsIGTDrWEgYSBkw61hIGRlbCB0cmFiYWpvIHkgY29uZWN0YXIgZGUgZm9ybWEgZGlzdGludGEgY29uIGxhcyBvdHJhcyBwZXJzb25hcyBjb24gbGFzIHF1ZSBhIGRpYXJpbyBsYSBjb21wYXJ0aW1vcy48L3A+DQo8YnIgLz4NCjxwPkFkYXB0YWJsZSBlbiBkaXN0aW50b3MgZm9ybWF0b3Mgc2Vnw7puIGxhIGV4aWdlbmNpYSwgbGEgY29tcGV0aXRpdmlkYWQgeSBlbCBuaXZlbCBkZWwgZ3J1cG8gbyBzaW1wbGVtZW50ZSBsYSBtb3RpdmFjacOzbiBxdWUgdGVuZ2FuIHBhcmEgaGFjZXIgZGVwb3J0ZSB5IGRpdmVydGlyc2UuPC9wPg0KPGJyIC8+DQo8cD5MYSBhY3RpdmlkYWQgaW5jbHV5ZSB0b2RvIGVsIG1hdGVyaWFsIG5lY2VzYXJpbyBwYXJhIHJlYWxpemFybGEsIGFzw60gY29tbyBlbCBhY29tcGHDsWFtaWVudG8gZGUgZ3XDrWEgZGUgbW9udGHDsWEgdGl0dWxhZG8uPC9wPg0KPGRpdiBjbGFzcz0iZXNwYWNpbzMwIj48L2Rpdj4NCjxhIGNsYXNzPSJib3RvbnRyYW5zcGFyZW50ZSIgYSBocmVmPSJodHRwczovL2VudHJlY2FtaW5zLmNvbS9lcy9jb250YWN0byI+UGVkaXIgbcOhcyBpbmZvcm1hY2nDs248L2E+DQo8L2Rpdj4=[\/vc_raw_html]<\/div><\/div>[\/vc_column][vc_column width=\u00bb1\/2&#8243;][vc_single_image image=\u00bb1531&#8243; img_size=\u00bbfull\u00bb alignment=\u00bbcenter\u00bb qode_css_animation=\u00bbelement_from_fade\u00bb el_class=\u00bbimgderechateambuilding\u00bb][\/vc_column][\/vc_row][vc_row css_animation=\u00bb\u00bb row_type=\u00bbrow\u00bb use_row_as_full_screen_section=\u00bbno\u00bb type=\u00bbfull_width\u00bb angled_section=\u00bbno\u00bb text_align=\u00bbleft\u00bb background_image_as_pattern=\u00bbwithout_pattern\u00bb z_index=\u00bb\u00bb][vc_column width=\u00bb1\/2&#8243;][vc_single_image image=\u00bb1534&#8243; img_size=\u00bbfull\u00bb alignment=\u00bbcenter\u00bb qode_css_animation=\u00bbelement_from_fade\u00bb el_class=\u00bbimgizqteambuilding\u00bb][\/vc_column][vc_column width=\u00bb1\/2&#8243; css=\u00bb.vc_custom_1588838048673{background-color: #6f625a !important;}\u00bb]<div class=\"qode-animation-holder element_from_fade\"><div class=\"qode-animation-holder-inner\"  style=\"-webkit-animation-delay:0.5s; animation-delay:0.5s; -webkit-transition-delay:0.5s; transition-delay:0.5s\">[vc_raw_html]PGRpdiBjbGFzcz0iY3VhZHJvYWN0aXZpZGFkIj4NCjxoMj5NYXJjaGEgbsOzcmRpY2EgZW50cmUgdmnDsWVkb3M8L2gyPg0KPGRpdiBjbGFzcz0iZXNwYWNpbzMwIj48L2Rpdj4NCjxwPlBhc2VvIHRyYW5xdWlsbyBwZXJvIGRlcG9ydGl2byBlbnRyZSB2acOxZWRvcyBjb25vY2llbmRvIHN1IGhpc3RvcmlhLCBwYXJ0aWN1bGFyaWRhZGVzLCBzaW5ndWxhcmlkYWRlcyB5IGNhcmFjdGVyw61zdGljYXMuIENhdGEgZGUgdmlub3MgeSByZWNvbm9jaW1pZW50byBlbiBsYSBtaXNtYSBkZSB0b2RvIGxvIHF1ZSBub3MgaGFuIGV4cGxpY2FkbyBkdXJhbnRlIGxhIGV4Y3Vyc2nDs24uIE9wb3J0dW5pZGFkIGRlIGVuY29udHJhcnNlIGNvbiBsb3MgY29tcGHDsWVyb3MgZGUgdHJhYmFqbyBkZSBmb3JtYSBtw6FzIGzDumRpY2EgeSBmZXN0aXZhLCBwcmFjdGljYW5kbyBhbGdvIGRlIGVqZXJjaWNpbyB5IGRlZ3VzdGFuZG8gbGEgYWx0YSBjYWxpZGFkIGRlIGxvcyB2aW5vcyBkZWwgUHJpb3JhdC48L3A+DQo8YnIgLz4NCjxwPkl0aW5lcmFyaW8gYWRhcHRhYmxlIHNlZ8O6biBlbCBuaXZlbCB5IGxhIG1vdGl2YWNpw7NuIGRlbCBncnVwbywgc2llbXByZSBwYXNlYW5kbyBwb3IgY2FtaW5vcyBydXJhbGVzIGhhc3RhIGxsZWdhciBhIGxvcyB2acOxZWRvcyBkb25kZSBzZSBjdWx0aXZhbiBsYXMgdXZhcyBxdWUgcHJvZHVjZW4gbG9zIHZpbm9zIHF1ZSBkZWd1c3RhcmVtb3MuIExvcyBwYXJ0aWNpcGFudGVzIHF1ZSBubyBxdWllcmFuIHByYWN0aWNhciBsYSB0w6ljbmljYSBkZSBsYSBtYXJjaGEgbsOzcmRpY2EgcHVlZGVuIHJlYWxpemFyIGxhIGV4Y3Vyc2nDs24gY2FtaW5hbmRvLjwvcD4NCjxkaXYgY2xhc3M9ImVzcGFjaW82MCI+PC9kaXY+DQo8YSBjbGFzcz0iYm90b250cmFuc3BhcmVudGUiIGEgaHJlZj0iaHR0cHM6Ly9lbnRyZWNhbWlucy5jb20vZXMvY29udGFjdG8iPlBlZGlyIG3DoXMgaW5mb3JtYWNpw7NuPC9hPg0KPC9kaXY+[\/vc_raw_html]<\/div><\/div>[\/vc_column][\/vc_row][vc_row css_animation=\u00bb\u00bb row_type=\u00bbrow\u00bb use_row_as_full_screen_section=\u00bbno\u00bb type=\u00bbfull_width\u00bb angled_section=\u00bbno\u00bb text_align=\u00bbleft\u00bb background_image_as_pattern=\u00bbwithout_pattern\u00bb z_index=\u00bb\u00bb][vc_column width=\u00bb1\/2&#8243; css=\u00bb.vc_custom_1588239702764{background-color: #22847a !important;}\u00bb]<div class=\"qode-animation-holder element_from_fade\"><div class=\"qode-animation-holder-inner\"  style=\"-webkit-animation-delay:0.5s; animation-delay:0.5s; -webkit-transition-delay:0.5s; transition-delay:0.5s\">[vc_raw_html]PGRpdiBjbGFzcz0iY3VhZHJvYWN0aXZpZGFkIj4NCjxoMj5HYXN0cm9ub21pYSwgdGVycml0b3JpbyB5IG5hdHVyYWxlemEgZW4gZmFsc2V0PC9oMj4NCjxkaXYgY2xhc3M9ImVzcGFjaW8zMCI+PC9kaXY+DQo8cD5QYXNlbyBwb3IgbGEgem9uYSBkZSBTYW50IEdyZWdvcmksIGNvbiBzdSBlcm1pdGEgZGVsIHNpZ2xvIFhWSSB5IGxhIHpvbmEgcm9jb3NhIGFkeWFjZW50ZSBjb24gc3VzIGNhcmFjdGVyw61zdGljYXMgZm9ybWFzIGRlcml2YWRhcyBkZSBsYSBlcm9zacOzbiBkZWwgdmllbnRvLiBDYW1pbmF0YSBjb21iaW5hZGEgY29uIGV4cGVyaWVuY2lhIGdhc3Ryb27Ds21pY2EgZGUgYWx0YSBjYWxpZGFkIGVuIGxhIGNhcGl0YWwgZGVsIFByaW9yYXQuPC9wPg0KPGJyIC8+DQo8cD5EZXNwdcOpcyBkZSB1bmEgZXhjdXJzacOzbiBkZSBkaXN0YW5jaWEgdmFyaWFibGUgY29ub2NpZW5kbyBsb3MgdmFsb3JlcyBuYXR1cmFsZXMgZSBoaXN0w7NyaWNvcyBkZWwgUHJpb3JhdCwgbm9zIGRpcmlnaXJlbW9zIGFsIHJlc3RhdXJhbnRlIHBhcmEgZGVndXN0YXIgYWxndW5vcyBkZSBsb3MgcGxhdG9zIHTDrXBpY29zIGRlIGVzdGEgY29tYXJjYS4gVGFtYmnDqW4gc2UgcHVlZGUgcmVhbGl6YXIgbGEgZXhwZXJpZW5jaWEgZ2FzdHJvbsOzbWljYSBhbnRlcyBkZSBsYSBhY3RpdmlkYWQgZW1wZXphbmRvIGVsIGTDrWEgY29uIHVuIGRlc2F5dW5vIGRlIHRlbmVkb3IuPC9wPg0KPGRpdiBjbGFzcz0iZXNwYWNpbzMwIj48L2Rpdj4NCjxhIGNsYXNzPSJib3RvbnRyYW5zcGFyZW50ZSIgYSBocmVmPSJodHRwczovL2VudHJlY2FtaW5zLmNvbS9lcy9jb250YWN0byI+UGVkaXIgbcOhcyBpbmZvcm1hY2nDs248L2E+DQo8L2Rpdj4=[\/vc_raw_html]<\/div><\/div>[\/vc_column][vc_column width=\u00bb1\/2&#8243;][vc_single_image image=\u00bb1537&#8243; img_size=\u00bbfull\u00bb alignment=\u00bbcenter\u00bb qode_css_animation=\u00bbelement_from_fade\u00bb el_class=\u00bbimgderechateambuilding\u00bb][\/vc_column][\/vc_row][vc_row css_animation=\u00bb\u00bb row_type=\u00bbrow\u00bb use_row_as_full_screen_section=\u00bbno\u00bb type=\u00bbgrid\u00bb angled_section=\u00bbno\u00bb text_align=\u00bbleft\u00bb background_image_as_pattern=\u00bbwithout_pattern\u00bb z_index=\u00bb\u00bb el_class=\u00bbpaddingsecciones\u00bb][vc_column]<div class=\"qode-animation-holder element_from_fade\"><div class=\"qode-animation-holder-inner\"  style=\"-webkit-animation-delay:0.5s; animation-delay:0.5s; -webkit-transition-delay:0.5s; transition-delay:0.5s\">[qode_elements_holder number_of_columns=\u00bbtwo_columns\u00bb][qode_elements_holder_item background_image=\u00bb1484&#8243; cover=\u00bbyes\u00bb vertical_alignment=\u00bbmiddle\u00bb advanced_animations=\u00bbno\u00bb item_padding_480=\u00bb50% 0&#8243;][\/qode_elements_holder_item][qode_elements_holder_item vertical_alignment=\u00bbmiddle\u00bb advanced_animations=\u00bbno\u00bb][vc_raw_html]JTNDZGl2JTIwY2xhc3MlM0QlMjJzZWNjaW9ub3JnYW5pemFyaG9tZSUyMiUzRSUwQSUzQ2gyJTNFJUMyJUJGTm8lMjBlbmN1ZW50cmFzJTIwbG8lMjBxdWUlMjBidXNjYXMlM0YlMjAlM0MlMkZoMiUzRSUwQSUzQ2gzJTNFJUMyJUExVGUlMjBvcmdhbml6YW1vcyUyMHR1JTIwYWN0aXZpZGFkJTIxJTIwJTNDJTJGaDMlM0UlMEElM0NkaXYlMjBjbGFzcyUzRCUyMmVzcGFjaW8zMCUyMiUzRSUzQyUyRmRpdiUzRSUwQSUzQ3AlM0VEaXNlJUMzJUIxYW1vcyUyMHklMjBjb29yZGluYW1vcyUyMGxhJTIwYWN0aXZpZGFkJTIwZXhjbHVzaXZhbWVudGUlMjBwYXJhJTIwdGklMjB5JTIwbm9zJTIwZGVzcGxhemFtb3MlMjBhJTIwZG9uZGUlMjBkZXNlZXMuJTNDJTJGcCUzRSUwQSUzQ2RpdiUyMGNsYXNzJTNEJTIyZXNwYWNpbzMwJTIyJTNFJTNDJTJGZGl2JTNFJTBBJTNDaDMlM0UlM0NhJTIwaHJlZiUzRCUyMmh0dHBzJTNBJTJGJTJGZW50cmVjYW1pbnMuY29tJTJGZXMlMkZleGN1cnNpb25lcy15LWFjdGl2aWRhZGVzLXBhcmEtZXNjdWVsYXMlMkYlMjIlM0VBY3RpdmlkYWRlcyUyMHBhcmElMjBlc2N1ZWxhcyUzQyUyRmgzJTNFJTBBJTNDaDMlM0UlM0NhJTIwaHJlZiUzRCUyMmh0dHBzJTNBJTJGJTJGZW50cmVjYW1pbnMuY29tJTJGZXMlMkZhY3RpdmlkYWRlcy1kZS10ZWFtLWJ1aWxkaW5nJTJGJTIyJTNFQWN0aXZpZGFkZXMlMjBwYXJhJTIwZW1wcmVzYXMlM0MlMkZhJTNFJTNDJTJGaDMlM0UlMEElM0NoMyUzRSUzQ2ElMjBocmVmJTNEJTIyaHR0cHMlM0ElMkYlMkZlbnRyZWNhbWlucy5jb20lMkZlcyUyRmV2ZW50b3MteS1hY3RpdmlkYWRlcy1hLW1lZGlkYSUyRiUyMiUzRUV2ZW50b3MlMjB5JTIwYWN0aXZpZGFkZXMlMjBhJTIwbWVkaWRhLiUzQyUyRmElM0UlM0MlMkZoMyUzRSUwQSUzQ2RpdiUyMGNsYXNzJTNEJTIyZXNwYWNpbzMwJTIyJTNFJTNDJTJGZGl2JTNFJTBBJTNDYSUyMGNsYXNzJTNEJTIyYm90b25ib3JkZXZlcmRlJTIyJTIwaHJlZiUzRCUyMmh0dHBzJTNBJTJGJTJGZW50cmVjYW1pbnMlMkZlcyUyRmNvbnRhY3RvJTJGJTIyJTNFJTIwQ29udGFjdGFyJTIwYXJhJTNDJTJGYSUzRSUwQSUzQyUyRnAlM0UlMEElM0MlMkZkaXYlM0U=[\/vc_raw_html][\/qode_elements_holder_item][\/qode_elements_holder]<\/div><\/div>[\/vc_column][\/vc_row]<\/p>\n<\/div>","protected":false},"excerpt":{"rendered":"<p>[vc_row css_animation=\u00bb\u00bb row_type=\u00bbrow\u00bb use_row_as_full_screen_section=\u00bbno\u00bb type=\u00bbfull_width\u00bb angled_section=\u00bbno\u00bb text_align=\u00bbleft\u00bb background_image=\u00bb1514&#8243; background_image_as_pattern=\u00bbwithout_pattern\u00bb z_index=\u00bb\u00bb][vc_column width=\u00bb1\/2&#8243;][\/vc_column][vc_column width=\u00bb1\/2&#8243;][\/vc_column][\/vc_row][vc_row css_animation=\u00bb\u00bb row_type=\u00bbrow\u00bb use_row_as_full_screen_section=\u00bbno\u00bb type=\u00bbgrid\u00bb angled_section=\u00bbno\u00bb text_align=\u00bbleft\u00bb background_image_as_pattern=\u00bbwithout_pattern\u00bb z_index=\u00bb\u00bb el_class=\u00bbptopsecciones\u00bb css=\u00bb.vc_custom_1588947915106{padding-bottom: 30px !important;}\u00bb][vc_column css_animation=\u00bbnone\u00bb width=\u00bb1\/2&#8243;][\/vc_column][vc_column css_animation=\u00bbfadeInRight\u00bb width=\u00bb1\/2&#8243;][\/vc_column][\/vc_row][vc_row css_animation=\u00bb\u00bb row_type=\u00bbrow\u00bb use_row_as_full_screen_section=\u00bbno\u00bb type=\u00bbgrid\u00bb angled_section=\u00bbno\u00bb text_align=\u00bbleft\u00bb background_image_as_pattern=\u00bbwithout_pattern\u00bb z_index=\u00bb\u00bb el_class=\u00bbpbottomsecciones\u00bb][vc_column css_animation=\u00bbnone\u00bb width=\u00bb1\/2&#8243;][\/vc_column][vc_column css_animation=\u00bbfadeInRight\u00bb width=\u00bb1\/2&#8243;][\/vc_column][\/vc_row][vc_row css_animation=\u00bb\u00bb row_type=\u00bbrow\u00bb use_row_as_full_screen_section=\u00bbno\u00bb type=\u00bbfull_width\u00bb&#8230;<\/p>\n","protected":false},"author":9,"featured_media":0,"parent":0,"menu_order":0,"comment_status":"closed","ping_status":"closed","template":"full_width.php","meta":{"footnotes":""},"class_list":["post-1742","page","type-page","status-publish","hentry"],"yoast_head":"<!-- This site is optimized with the Yoast SEO plugin v22.7 - https:\/\/yoast.com\/wordpress\/plugins\/seo\/ -->\n<title>Actividades de Team Building en Tarragona | Entrecamins<\/title>\n<meta name=\"description\" content=\"Actividades de Team Building en Tarragona. Actividades enfocadas a la mejora de la cohesi\u00f3n de equipos, incremento de la motivaci\u00f3n, mejora del rendimiento.\" \/>\n<meta name=\"robots\" content=\"index, follow, max-snippet:-1, max-image-preview:large, max-video-preview:-1\" \/>\n<link rel=\"canonical\" href=\"https:\/\/entrecamins.com\/es\/actividades-de-team-building\/\" \/>\n<meta property=\"og:locale\" content=\"es_ES\" \/>\n<meta property=\"og:type\" content=\"article\" \/>\n<meta property=\"og:title\" content=\"Actividades de Team Building en Tarragona | Entrecamins\" \/>\n<meta property=\"og:description\" content=\"Actividades de Team Building en Tarragona. Actividades enfocadas a la mejora de la cohesi\u00f3n de equipos, incremento de la motivaci\u00f3n, mejora del rendimiento.\" \/>\n<meta property=\"og:url\" content=\"https:\/\/entrecamins.com\/es\/actividades-de-team-building\/\" \/>\n<meta property=\"og:site_name\" content=\"entrecamins.com\" \/>\n<meta property=\"article:modified_time\" content=\"2020-05-17T16:17:29+00:00\" \/>\n<meta name=\"twitter:card\" content=\"summary_large_image\" \/>\n<meta name=\"twitter:label1\" content=\"Tiempo de lectura\" \/>\n\t<meta name=\"twitter:data1\" content=\"9 minutos\" \/>\n<script type=\"application\/ld+json\" class=\"yoast-schema-graph\">{\"@context\":\"https:\/\/schema.org\",\"@graph\":[{\"@type\":\"WebPage\",\"@id\":\"https:\/\/entrecamins.com\/es\/actividades-de-team-building\/\",\"url\":\"https:\/\/entrecamins.com\/es\/actividades-de-team-building\/\",\"name\":\"Actividades de Team Building en Tarragona | Entrecamins\",\"isPartOf\":{\"@id\":\"https:\/\/entrecamins.com\/es\/#website\"},\"datePublished\":\"2020-05-13T08:01:39+00:00\",\"dateModified\":\"2020-05-17T16:17:29+00:00\",\"description\":\"Actividades de Team Building en Tarragona. Actividades enfocadas a la mejora de la cohesi\u00f3n de equipos, incremento de la motivaci\u00f3n, mejora del rendimiento.\",\"breadcrumb\":{\"@id\":\"https:\/\/entrecamins.com\/es\/actividades-de-team-building\/#breadcrumb\"},\"inLanguage\":\"es\",\"potentialAction\":[{\"@type\":\"ReadAction\",\"target\":[\"https:\/\/entrecamins.com\/es\/actividades-de-team-building\/\"]}]},{\"@type\":\"BreadcrumbList\",\"@id\":\"https:\/\/entrecamins.com\/es\/actividades-de-team-building\/#breadcrumb\",\"itemListElement\":[{\"@type\":\"ListItem\",\"position\":1,\"name\":\"Inici\",\"item\":\"https:\/\/entrecamins.com\/es\/\"},{\"@type\":\"ListItem\",\"position\":2,\"name\":\"Actividades de Team Building\"}]},{\"@type\":\"WebSite\",\"@id\":\"https:\/\/entrecamins.com\/es\/#website\",\"url\":\"https:\/\/entrecamins.com\/es\/\",\"name\":\"entrecamins.com\",\"description\":\"Entre camins\",\"potentialAction\":[{\"@type\":\"SearchAction\",\"target\":{\"@type\":\"EntryPoint\",\"urlTemplate\":\"https:\/\/entrecamins.com\/es\/?s={search_term_string}\"},\"query-input\":\"required name=search_term_string\"}],\"inLanguage\":\"es\"}]}<\/script>\n<!-- \/ Yoast SEO plugin. -->","yoast_head_json":{"title":"Actividades de Team Building en Tarragona | Entrecamins","description":"Actividades de Team Building en Tarragona. Actividades enfocadas a la mejora de la cohesi\u00f3n de equipos, incremento de la motivaci\u00f3n, mejora del rendimiento.","robots":{"index":"index","follow":"follow","max-snippet":"max-snippet:-1","max-image-preview":"max-image-preview:large","max-video-preview":"max-video-preview:-1"},"canonical":"https:\/\/entrecamins.com\/es\/actividades-de-team-building\/","og_locale":"es_ES","og_type":"article","og_title":"Actividades de Team Building en Tarragona | Entrecamins","og_description":"Actividades de Team Building en Tarragona. Actividades enfocadas a la mejora de la cohesi\u00f3n de equipos, incremento de la motivaci\u00f3n, mejora del rendimiento.","og_url":"https:\/\/entrecamins.com\/es\/actividades-de-team-building\/","og_site_name":"entrecamins.com","article_modified_time":"2020-05-17T16:17:29+00:00","twitter_card":"summary_large_image","twitter_misc":{"Tiempo de lectura":"9 minutos"},"schema":{"@context":"https:\/\/schema.org","@graph":[{"@type":"WebPage","@id":"https:\/\/entrecamins.com\/es\/actividades-de-team-building\/","url":"https:\/\/entrecamins.com\/es\/actividades-de-team-building\/","name":"Actividades de Team Building en Tarragona | Entrecamins","isPartOf":{"@id":"https:\/\/entrecamins.com\/es\/#website"},"datePublished":"2020-05-13T08:01:39+00:00","dateModified":"2020-05-17T16:17:29+00:00","description":"Actividades de Team Building en Tarragona. Actividades enfocadas a la mejora de la cohesi\u00f3n de equipos, incremento de la motivaci\u00f3n, mejora del rendimiento.","breadcrumb":{"@id":"https:\/\/entrecamins.com\/es\/actividades-de-team-building\/#breadcrumb"},"inLanguage":"es","potentialAction":[{"@type":"ReadAction","target":["https:\/\/entrecamins.com\/es\/actividades-de-team-building\/"]}]},{"@type":"BreadcrumbList","@id":"https:\/\/entrecamins.com\/es\/actividades-de-team-building\/#breadcrumb","itemListElement":[{"@type":"ListItem","position":1,"name":"Inici","item":"https:\/\/entrecamins.com\/es\/"},{"@type":"ListItem","position":2,"name":"Actividades de Team Building"}]},{"@type":"WebSite","@id":"https:\/\/entrecamins.com\/es\/#website","url":"https:\/\/entrecamins.com\/es\/","name":"entrecamins.com","description":"Entre camins","potentialAction":[{"@type":"SearchAction","target":{"@type":"EntryPoint","urlTemplate":"https:\/\/entrecamins.com\/es\/?s={search_term_string}"},"query-input":"required name=search_term_string"}],"inLanguage":"es"}]}},"_links":{"self":[{"href":"https:\/\/entrecamins.com\/es\/wp-json\/wp\/v2\/pages\/1742","targetHints":{"allow":["GET"]}}],"collection":[{"href":"https:\/\/entrecamins.com\/es\/wp-json\/wp\/v2\/pages"}],"about":[{"href":"https:\/\/entrecamins.com\/es\/wp-json\/wp\/v2\/types\/page"}],"author":[{"embeddable":true,"href":"https:\/\/entrecamins.com\/es\/wp-json\/wp\/v2\/users\/9"}],"replies":[{"embeddable":true,"href":"https:\/\/entrecamins.com\/es\/wp-json\/wp\/v2\/comments?post=1742"}],"version-history":[{"count":6,"href":"https:\/\/entrecamins.com\/es\/wp-json\/wp\/v2\/pages\/1742\/revisions"}],"predecessor-version":[{"id":1822,"href":"https:\/\/entrecamins.com\/es\/wp-json\/wp\/v2\/pages\/1742\/revisions\/1822"}],"wp:attachment":[{"href":"https:\/\/entrecamins.com\/es\/wp-json\/wp\/v2\/media?parent=1742"}],"curies":[{"name":"wp","href":"https:\/\/api.w.org\/{rel}","templated":true}]}}