{"id":1748,"date":"2020-05-13T08:09:41","date_gmt":"2020-05-13T08:09:41","guid":{"rendered":"http:\/\/entrecamins.com\/eventos-y-actividades-a-medida\/"},"modified":"2020-05-17T16:17:39","modified_gmt":"2020-05-17T16:17:39","slug":"eventos-y-actividades-a-medida","status":"publish","type":"page","link":"https:\/\/entrecamins.com\/es\/eventos-y-actividades-a-medida\/","title":{"rendered":"Eventos y actividades a medida"},"content":{"rendered":"<div class=\"wpb-content-wrapper\"><p>[vc_row css_animation=\u00bb\u00bb row_type=\u00bbrow\u00bb use_row_as_full_screen_section=\u00bbno\u00bb type=\u00bbfull_width\u00bb angled_section=\u00bbno\u00bb text_align=\u00bbleft\u00bb background_image=\u00bb1717&#8243; background_image_as_pattern=\u00bbwithout_pattern\u00bb z_index=\u00bb\u00bb][vc_column width=\u00bb1\/2&#8243;]<div class=\"qode-animation-holder element_from_fade\"><div class=\"qode-animation-holder-inner\"  style=\"-webkit-animation-delay:0.5s; animation-delay:0.5s; -webkit-transition-delay:0.5s; transition-delay:0.5s\">[vc_raw_html]JTNDZGl2JTIwY2xhc3MlM0QlMjJjYWJlY2VyYSUyMiUzRSUwQSUzQ2gxJTNFRXZlbnRvcyUyMHklMjBhY3RpdmlkYWRlcyUyMGElMjBtZWRpZGElM0MlMkZoMSUzRSUwQSUzQyUyRmRpdiUzRQ==[\/vc_raw_html]<\/div><\/div>[\/vc_column][vc_column width=\u00bb1\/2&#8243;][\/vc_column][\/vc_row][vc_row css_animation=\u00bb\u00bb row_type=\u00bbrow\u00bb use_row_as_full_screen_section=\u00bbno\u00bb type=\u00bbfull_width\u00bb angled_section=\u00bbno\u00bb text_align=\u00bbleft\u00bb background_image_as_pattern=\u00bbwithout_pattern\u00bb z_index=\u00bb\u00bb][vc_column width=\u00bb1\/2&#8243; css=\u00bb.vc_custom_1589207698334{background-color: #22847a !important;}\u00bb]<div class=\"qode-animation-holder element_from_fade\"><div class=\"qode-animation-holder-inner\"  style=\"-webkit-animation-delay:0.5s; animation-delay:0.5s; -webkit-transition-delay:0.5s; transition-delay:0.5s\">[vc_raw_html]JTNDZGl2JTIwY2xhc3MlM0QlMjJjdWFkcm9hY3RpdmlkYWQlMjIlM0UlMEElM0NoMiUzRUV2ZW50b3MlM0MlMkZoMiUzRSUwQSUzQ2klM0VDb21iaW5hbW9zJTIwZWplcmNpY2lvJTIwZiVDMyVBRHNpY28lMkMlMjBjb25vY2ltaWVudG8lMjBkZWwlMjBtZWRpbyUyQyUyMGV4Y3Vyc2lvbmlzbW8lMkMlMjBlbnRvcm5vJTIwbmF0dXJhbCUyQyUyMGZhbWlsaWElMkMlMjBhbWlnb3MlRTIlODAlQTYlM0MlMkZpJTNFJTBBJTNDZGl2JTIwY2xhc3MlM0QlMjJlc3BhY2lvMzAlMjIlM0UlM0MlMkZkaXYlM0UlMEElM0NwJTNFRGUlMjBmb3JtYSUyMHJlZ3VsYXIlMjB5JTIwcGVyaSVDMyVCM2RpY2ElMkMlMjBFbnRyZWNhbWlucyUyMG9yZ2FuaXphJTIwYWN0aXZpZGFkZXMlMjBkb25kZSUyMGxhJTIwZGl2dWxnYWNpJUMzJUIzbiUyMGRlbCUyMG1lZGlvJTIwbmF0dXJhbCUyQyUyMGVsJTIwZXhjdXJzaW9uaXNtbyUyMHklMjBsYXMlMjBhY3RpdmlkYWRlcyUyMGVuJTIwZmFtaWxpYSUyMHNvbiUyMGxhcyUyMHByb3RhZ29uaXN0YXMlMkMlMjB0ZW5pZW5kbyUyMGNvbW8lMjBwcmltZXIlMjBvYmpldGl2byUyMGVsJTIwZGUlMjBwYXNhcmxvJTIwYmllbiUyMHklMjBjb25vY2VyJTIwZXNwYWNpb3MlMjBudWV2b3MlMjBvJTIwcmVkZXNjdWJyaXIlMjBhbGd1bm9zJTIwZGUlMjB5YSUyMGNvbm9jaWRvcy4lM0MlMkZwJTNFJTBBJTNDYnIlMjAlMkYlM0UlMEElM0NwJTNFQSUyMG1lbnVkbyUyQyUyMGluY29ycG9yYW1vcyUyMGFjdGl2aWRhZGVzJTIwZGUlMjBvcmllbnRhY2klQzMlQjNuJTIwY29tYmluYWRhcyUyMGNvbiUyMGRpc3RpbnRvcyUyMGp1ZWdvcyUyMGRlJTIwcGlzdGFzJTIwbyUyMGFjdGl2aWRhZGVzJTIwcXVlJTIwbm9zJTIwYWNlcnF1ZW4lMjBhbCUyMGNvbm9jaW1pZW50byUyMHklMjBsb3MlMjB2YWxvcmVzJTIwZGUlMjBlc3RvcyUyMGVzcGFjaW9zLiUyMFNpJTIwYmllbiUyMGVsJTIwcGxhbnRlYW1pZW50byUyMGVzJTIwZmFtaWxpYXIlMkMlMjB0b2RhcyUyMGxhcyUyMGFjdGl2aWRhZGVzJTIwc29uJTIwYXB0YXMlMjBwYXJhJTIwc2VyJTIwcmVhbGl6YWRhcyUyMHRhbWJpJUMzJUE5biUyMHBvciUyMHVuJTIwZ3J1cG8lMjBkZSUyMGFkdWx0b3MuJTNDJTJGcCUzRSUwQSUzQ2JyJTIwJTJGJTNFJTBBJTNDZGl2JTIwY2xhc3MlM0QlMjJlc3BhY2lvMzAlMjIlM0UlM0MlMkZkaXYlM0UlMEElM0NhJTIwY2xhc3MlM0QlMjJib3RvbnRyYW5zcGFyZW50ZSUyMiUyMGElMjBocmVmJTNEJTIyaHR0cHMlM0ElMkYlMkZlbnRyZWNhbWlucy5jb20lMkZlcyUyRnByb3hpbWFzLWFjdGl2aWRhZGVzJTJGJTIyJTNFVmVyJTIwcHIlQzMlQjN4aW1hcyUyMGFjdGl2aWRhZGVzJTNDJTJGYSUzRSUwQSUzQyUyRmRpdiUzRQ==[\/vc_raw_html]<\/div><\/div>[\/vc_column][vc_column width=\u00bb1\/2&#8243;][vc_single_image image=\u00bb1721&#8243; img_size=\u00bbfull\u00bb alignment=\u00bbcenter\u00bb qode_css_animation=\u00bbelement_from_fade\u00bb el_class=\u00bbimgderechaintrohome\u00bb][\/vc_column][\/vc_row][vc_row css_animation=\u00bb\u00bb row_type=\u00bbrow\u00bb use_row_as_full_screen_section=\u00bbno\u00bb type=\u00bbgrid\u00bb angled_section=\u00bbno\u00bb text_align=\u00bbleft\u00bb background_image_as_pattern=\u00bbwithout_pattern\u00bb el_class=\u00bbpaddingsecciones\u00bb z_index=\u00bb\u00bb][vc_column][vc_raw_html]PGRpdiBjbGFzcz0ibmV3c2xldHRlciI+DQo8aDQ+wr9RdWllcmVzIGVzdGFyIGluZm9ybWFkbyBkZSBudWVzdHJhcyBhY3RpdmlkYWRlcz8gU3VzY3LDrWJldGUgYSBudWVzdHJvIG5ld3NsZXR0ZXIuPC9oND4NCjxkaXYgY2xhc3M9ImVzcGFjaW8zMCI+PC9kaXY+DQpbbWM0d3BfZm9ybSBpZD0iMTQ4MiJdDQo8L2Rpdj4=[\/vc_raw_html][\/vc_column][\/vc_row][vc_row css_animation=\u00bb\u00bb row_type=\u00bbrow\u00bb use_row_as_full_screen_section=\u00bbno\u00bb type=\u00bbfull_width\u00bb angled_section=\u00bbno\u00bb text_align=\u00bbleft\u00bb background_image_as_pattern=\u00bbwithout_pattern\u00bb z_index=\u00bb\u00bb][vc_column width=\u00bb1\/2&#8243;][vc_single_image image=\u00bb1723&#8243; img_size=\u00bbfull\u00bb alignment=\u00bbcenter\u00bb qode_css_animation=\u00bbelement_from_fade\u00bb el_class=\u00bbimgparcmontsant\u00bb][\/vc_column][vc_column width=\u00bb1\/2&#8243; css=\u00bb.vc_custom_1588838048673{background-color: #6f625a !important;}\u00bb]<div class=\"qode-animation-holder element_from_fade\"><div class=\"qode-animation-holder-inner\"  style=\"-webkit-animation-delay:0.5s; animation-delay:0.5s; -webkit-transition-delay:0.5s; transition-delay:0.5s\">[vc_raw_html]PGRpdiBjbGFzcz0iY3VhZHJvYWN0aXZpZGFkIj4NCjxoMj5Cw7pzcXVlZGEgZGVsIHRlc29ybzwvaDI+DQo8aT5KdWVnb3MgZGUgcGlzdGFzIGVuIGVudG9ybm9zIG5hdHVyYWxlcyBwYXJhIHBvbmVyIGEgcHJ1ZWJhIG51ZXN0cm8gaW5nZW5pbzwvaT4NCjxkaXYgY2xhc3M9ImVzcGFjaW8zMCI+PC9kaXY+DQo8cD5Db24gZGlzdGludG9zIGVsZW1lbnRvcyBjb21vIGJyw7pqdWxhLCBHUFMsIG1hcGFzIHkgb3RyYXMgcGlzdGFzLCB0ZSBvcmdhbml6YW1vcyB1bmEgYWN0aXZpZGFkIGNvbiBkdXJhY2nDs24sIG1lZGlkYSB5IG5pdmVsIGRlIGRpZmljdWx0YWQgdmFyaWFibGUsIHBhcmEganVnYXIgZW4gZmFtaWxpYSBvIGFtaWdvcyB5IGVuY29udHJhciB1biB0ZXNvcm8gdSBvYmpldGl2byBmaW5hbC48L3A+DQo8YnIgLz4NCjxwPlNpZW1wcmUgZW4gdW4gZXNwYWNpbyBuYXR1cmFsLCBjb25lY3RhcmVtb3MgdW4gZWplcmNpY2lvIGbDrXNpY28gbW9kZXJhZG8gY29uIGp1ZWdvcyBkZSBwaXN0YXMgZW4gbG9zIHF1ZSB0b2RvIGVsIG11bmRvIHB1ZWRhIHBhc2FybG8gYmllbi48L3A+DQo8YnIgLz4NCjxwPkVuIGxvcyBkaWZlcmVudGVzIGp1ZWdvcyB5IGVuaWdtYXMsIGluY29ycG9yYW1vcyBlbGVtZW50b3MgcXVlIGhhY2VuIHJlZmVyZW5jaWEgYWwgcGF0cmltb25pbyB5IGN1bHR1cmEgbG9jYWxlcywgc2kgYmllbiBzZSBwdWVkZSBlbmN1YWRyYXIgZW4gb3RyYXMgdGVtw6F0aWNhcyBxdWUgdGVuZ2FuIHJlbGFjacOzbiBjb24gZWwgbWVkaW8gYW1iaWVudGUuIDwvcD4NCjxiciAvPg0KPHA+TGEgYWN0aXZpZGFkIGluY2x1eWUgdG9kbyBlbCBtYXRlcmlhbCBuZWNlc2FyaW8gcGFyYSByZWFsaXphcmxhLCBhc8OtIGNvbW8gZ3XDrWEgZGUgbW9udGHDsWEgdGl0dWxhZG8gZHVyYW50ZSBsYSBtaXNtYSB5IHNlZ3VybyBlc3BlY8OtZmljby48L3A+DQo8ZGl2IGNsYXNzPSJlc3BhY2lvNjAiPjwvZGl2Pg0KPGEgY2xhc3M9ImJvdG9udHJhbnNwYXJlbnRlIiBhIGhyZWY9Imh0dHBzOi8vZW50cmVjYW1pbnMuY29tL2VzL2NvbnRhY3RvIj5QZWRpciBtw6FzIGluZm9ybWFjacOzbjwvYT4NCjwvZGl2Pg==[\/vc_raw_html]<\/div><\/div>[\/vc_column][\/vc_row][vc_row css_animation=\u00bb\u00bb row_type=\u00bbrow\u00bb use_row_as_full_screen_section=\u00bbno\u00bb type=\u00bbfull_width\u00bb angled_section=\u00bbno\u00bb text_align=\u00bbleft\u00bb background_image_as_pattern=\u00bbwithout_pattern\u00bb z_index=\u00bb\u00bb el_class=\u00bbcolumnas-invertir\u00bb][vc_column width=\u00bb1\/2&#8243; css=\u00bb.vc_custom_1588239702764{background-color: #22847a !important;}\u00bb]<div class=\"qode-animation-holder element_from_fade\"><div class=\"qode-animation-holder-inner\"  style=\"-webkit-animation-delay:0.5s; animation-delay:0.5s; -webkit-transition-delay:0.5s; transition-delay:0.5s\">[vc_raw_html]PGRpdiBjbGFzcz0iY3VhZHJvYWN0aXZpZGFkIj4NCjxoMj5DYXJyZXJhIGRlIG9yaWVudGFjacOzbjwvaDI+DQo8aT5KdWVnbyBvIGNvbXBldGljacOzbiBwYXJhIGFkcXVpcmlyLCBwb25lciBhIHBydWViYSB5IGRlc2Fycm9sbGFyIGxhIGFnaWxpZGFkIGVuIGVsIHVzbyBkZSB1biBtYXBhIHkgb3RyYXMgdMOpY25pY2FzIGRlIG9yaWVudGFjacOzbi48L2k+DQo8ZGl2IGNsYXNzPSJlc3BhY2lvMzAiPjwvZGl2Pg0KPHA+QSBwYXJ0aXIgZGUgdW4gbWFwYSBkZSBsYSB6b25hLCBoYXkgcXVlIGJ1c2NhciB1bmEgc2VyaWUgZGUgYmFsaXphcyBlc2NvbmRpZGFzIHkgbWFyY2FkYXMgZW4gZWwgbWFwYS4gU2UgcHVlZGUgZGFyIHVuIGVzcMOtcml0dSBtw6FzIG8gbWVub3MgY29tcGV0aXRpdm8gZW4gZnVuY2nDs24gZGVsIHBlcmZpbCBkZSBsb3MgcGFydGljaXBhbnRlcy48L3A+DQo8YnIgLz4NCjxwPlNpZW1wcmUgZW4gdW4gZXNwYWNpbyBuYXR1cmFsLCBjb25lY3RhcmVtb3MgZWwgZWplcmNpY2lvIGbDrXNpY28gY29uIGxhIGZhbWlsaWEgbyBsb3MgYW1pZ29zLCBhIHRyYXbDqXMgZGUganVnYXIgYSBvcmllbnRhcm5vcyB5IGFkYXB0YW5kbyBlbCBuaXZlbCBwYXJhIGNvbXBsZXRhciBsYSBhY3RpdmlkYWQgZGUgZm9ybWEgYWRlY3VhZGEuPC9wPg0KPGJyIC8+DQo8cD5Ob3MgbW92ZXJlbW9zIHBvciBlbnRvcm5vcyBmw6FjaWxlcyB5IGNvbiB0b2RhcyBsYXMgZ2FyYW50w61hcyBkZSBzZWd1cmlkYWQsIHNlIHB1ZWRlIHJlYWxpemFyIGNvbiBmaW5hbGlkYWRlcyBtw6FzIHBlZGFnw7NnaWNhcyBvIGRlcG9ydGl2YXMgc2Vnw7puIHNlIGRlc2VlLjwvcD4NCjxiciAvPg0KPHA+TGEgYWN0aXZpZGFkIGluY2x1eWUgdG9kbyBlbCBtYXRlcmlhbCBuZWNlc2FyaW8gcGFyYSByZWFsaXphcmxhLCBhc8OtIGNvbW8gZ3XDrWEgZGUgbW9udGHDsWEgdGl0dWxhZG8gZHVyYW50ZSBsYSBtaXNtYSB5IHNlZ3VybyBlc3BlY8OtZmljby48L3A+DQo8ZGl2IGNsYXNzPSJlc3BhY2lvMzAiPjwvZGl2Pg0KPGEgY2xhc3M9ImJvdG9udHJhbnNwYXJlbnRlIiBhIGhyZWY9Imh0dHBzOi8vZW50cmVjYW1pbnMuY29tL2VzL2NvbnRhY3RvIj5QZWRpciBtw6FzIGluZm9ybWFjacOzbjwvYT4NCjwvZGl2Pg==[\/vc_raw_html]<\/div><\/div>[\/vc_column][vc_column width=\u00bb1\/2&#8243;][vc_single_image image=\u00bb1562&#8243; img_size=\u00bbfull\u00bb alignment=\u00bbcenter\u00bb qode_css_animation=\u00bbelement_from_fade\u00bb el_class=\u00bbimgderechaintrohome\u00bb][\/vc_column][\/vc_row][vc_row css_animation=\u00bb\u00bb row_type=\u00bbrow\u00bb use_row_as_full_screen_section=\u00bbno\u00bb type=\u00bbfull_width\u00bb angled_section=\u00bbno\u00bb text_align=\u00bbleft\u00bb background_image_as_pattern=\u00bbwithout_pattern\u00bb z_index=\u00bb\u00bb el_class=\u00bbpaddingseccionesfull\u00bb][vc_column]<div class=\"qode-animation-holder element_from_fade\"><div class=\"qode-animation-holder-inner\"  style=\"-webkit-animation-delay:0.5s; animation-delay:0.5s; -webkit-transition-delay:0.5s; transition-delay:0.5s\">[qode_elements_holder number_of_columns=\u00bbtwo_columns\u00bb columns_proportion=\u00bb66_33&#8243;][qode_elements_holder_item background_image=\u00bb1694&#8243; cover=\u00bbyes\u00bb vertical_alignment=\u00bbmiddle\u00bb advanced_animations=\u00bbno\u00bb item_padding_480=\u00bb50% 0&#8243;][\/qode_elements_holder_item][qode_elements_holder_item vertical_alignment=\u00bbmiddle\u00bb advanced_animations=\u00bbno\u00bb][vc_raw_html]JTNDZGl2JTIwY2xhc3MlM0QlMjJzZWNjaW9ub3JnYW5pemFyaG9tZSUyMiUzRSUwQSUzQ2gyJTNFJUMyJUJGTm8lMjBlbmN1ZW50cmFzJTIwbG8lMjBxdWUlMjBidXNjYXMlM0YlMjAlM0MlMkZoMiUzRSUwQSUzQ2gzJTNFJUMyJUExVGUlMjBvcmdhbml6YW1vcyUyMHR1JTIwYWN0aXZpZGFkJTIxJTIwJTNDJTJGaDMlM0UlMEElM0NkaXYlMjBjbGFzcyUzRCUyMmVzcGFjaW8zMCUyMiUzRSUzQyUyRmRpdiUzRSUwQSUzQ3AlM0VEaXNlJUMzJUIxYW1vcyUyMHklMjBjb29yZGluYW1vcyUyMGxhJTIwYWN0aXZpZGFkJTIwZXhjbHVzaXZhbWVudGUlMjBwYXJhJTIwdGklMjB5JTIwbm9zJTIwZGVzcGxhemFtb3MlMjBhJTIwZG9uZGUlMjBkZXNlZXMuJTNDJTJGcCUzRSUwQSUzQ2RpdiUyMGNsYXNzJTNEJTIyZXNwYWNpbzMwJTIyJTNFJTNDJTJGZGl2JTNFJTBBJTNDaDMlM0UlM0NhJTIwaHJlZiUzRCUyMmh0dHBzJTNBJTJGJTJGZW50cmVjYW1pbnMuY29tJTJGZXMlMkZleGN1cnNpb25lcy15LWFjdGl2aWRhZGVzLXBhcmEtZXNjdWVsYXMlMkYlMjIlM0VBY3RpdmlkYWRlcyUyMHBhcmElMjBlc2N1ZWxhcyUzQyUyRmgzJTNFJTBBJTNDaDMlM0UlM0NhJTIwaHJlZiUzRCUyMmh0dHBzJTNBJTJGJTJGZW50cmVjYW1pbnMuY29tJTJGZXMlMkZhY3RpdmlkYWRlcy1kZS10ZWFtLWJ1aWxkaW5nJTJGJTIyJTNFQWN0aXZpZGFkZXMlMjBwYXJhJTIwZW1wcmVzYXMlM0MlMkZhJTNFJTNDJTJGaDMlM0UlMEElM0NoMyUzRSUzQ2ElMjBocmVmJTNEJTIyaHR0cHMlM0ElMkYlMkZlbnRyZWNhbWlucy5jb20lMkZlcyUyRmV2ZW50b3MteS1hY3RpdmlkYWRlcy1hLW1lZGlkYSUyRiUyMiUzRUV2ZW50b3MlMjB5JTIwYWN0aXZpZGFkZXMlMjBhJTIwbWVkaWRhLiUzQyUyRmElM0UlM0MlMkZoMyUzRSUwQSUzQ2RpdiUyMGNsYXNzJTNEJTIyZXNwYWNpbzMwJTIyJTNFJTNDJTJGZGl2JTNFJTBBJTNDYSUyMGNsYXNzJTNEJTIyYm90b25ib3JkZXZlcmRlJTIyJTIwaHJlZiUzRCUyMmh0dHBzJTNBJTJGJTJGZW50cmVjYW1pbnMlMkZlcyUyRmNvbnRhY3RvJTJGJTIyJTNFJTIwQ29udGFjdGFyJTIwYXJhJTNDJTJGYSUzRSUwQSUzQyUyRnAlM0UlMEElM0MlMkZkaXYlM0U=[\/vc_raw_html][\/qode_elements_holder_item][\/qode_elements_holder]<\/div><\/div>[\/vc_column][\/vc_row]<\/p>\n<\/div>","protected":false},"excerpt":{"rendered":"<p>[vc_row css_animation=\u00bb\u00bb row_type=\u00bbrow\u00bb use_row_as_full_screen_section=\u00bbno\u00bb type=\u00bbfull_width\u00bb angled_section=\u00bbno\u00bb text_align=\u00bbleft\u00bb background_image=\u00bb1717&#8243; background_image_as_pattern=\u00bbwithout_pattern\u00bb z_index=\u00bb\u00bb][vc_column width=\u00bb1\/2&#8243;][\/vc_column][vc_column width=\u00bb1\/2&#8243;][\/vc_column][\/vc_row][vc_row css_animation=\u00bb\u00bb row_type=\u00bbrow\u00bb use_row_as_full_screen_section=\u00bbno\u00bb type=\u00bbfull_width\u00bb angled_section=\u00bbno\u00bb text_align=\u00bbleft\u00bb background_image_as_pattern=\u00bbwithout_pattern\u00bb z_index=\u00bb\u00bb][vc_column width=\u00bb1\/2&#8243; css=\u00bb.vc_custom_1589207698334{background-color: #22847a !important;}\u00bb][\/vc_column][vc_column width=\u00bb1\/2&#8243;][vc_single_image image=\u00bb1721&#8243; img_size=\u00bbfull\u00bb alignment=\u00bbcenter\u00bb qode_css_animation=\u00bbelement_from_fade\u00bb el_class=\u00bbimgderechaintrohome\u00bb][\/vc_column][\/vc_row][vc_row css_animation=\u00bb\u00bb row_type=\u00bbrow\u00bb use_row_as_full_screen_section=\u00bbno\u00bb type=\u00bbgrid\u00bb angled_section=\u00bbno\u00bb text_align=\u00bbleft\u00bb background_image_as_pattern=\u00bbwithout_pattern\u00bb el_class=\u00bbpaddingsecciones\u00bb z_index=\u00bb\u00bb][vc_column][vc_raw_html]PGRpdiBjbGFzcz0ibmV3c2xldHRlciI+DQo8aDQ+wr9RdWllcmVzIGVzdGFyIGluZm9ybWFkbyBkZSBudWVzdHJhcyBhY3RpdmlkYWRlcz8gU3VzY3LDrWJldGUgYSBudWVzdHJvIG5ld3NsZXR0ZXIuPC9oND4NCjxkaXYgY2xhc3M9ImVzcGFjaW8zMCI+PC9kaXY+DQpbbWM0d3BfZm9ybSBpZD0iMTQ4MiJdDQo8L2Rpdj4=[\/vc_raw_html][\/vc_column][\/vc_row][vc_row css_animation=\u00bb\u00bb row_type=\u00bbrow\u00bb use_row_as_full_screen_section=\u00bbno\u00bb type=\u00bbfull_width\u00bb angled_section=\u00bbno\u00bb text_align=\u00bbleft\u00bb&#8230;<\/p>\n","protected":false},"author":9,"featured_media":0,"parent":0,"menu_order":0,"comment_status":"closed","ping_status":"closed","template":"full_width.php","meta":{"footnotes":""},"class_list":["post-1748","page","type-page","status-publish","hentry"],"yoast_head":"<!-- This site is optimized with the Yoast SEO plugin v22.7 - https:\/\/yoast.com\/wordpress\/plugins\/seo\/ -->\n<title>Eventos y actividades a medida en la monta\u00f1a | Entrecamins<\/title>\n<meta name=\"description\" content=\"Events y actividadesa medida en la monta\u00f1as del Parque Natural del Montsant, Priorat y Monta\u00f1as de Prades. Actividades para grupos o familias.\" \/>\n<meta name=\"robots\" content=\"index, follow, max-snippet:-1, max-image-preview:large, max-video-preview:-1\" \/>\n<link rel=\"canonical\" href=\"https:\/\/entrecamins.com\/es\/eventos-y-actividades-a-medida\/\" \/>\n<meta property=\"og:locale\" content=\"es_ES\" \/>\n<meta property=\"og:type\" content=\"article\" \/>\n<meta property=\"og:title\" content=\"Eventos y actividades a medida en la monta\u00f1a | Entrecamins\" \/>\n<meta property=\"og:description\" content=\"Events y actividadesa medida en la monta\u00f1as del Parque Natural del Montsant, Priorat y Monta\u00f1as de Prades. Actividades para grupos o familias.\" \/>\n<meta property=\"og:url\" content=\"https:\/\/entrecamins.com\/es\/eventos-y-actividades-a-medida\/\" \/>\n<meta property=\"og:site_name\" content=\"entrecamins.com\" \/>\n<meta property=\"article:modified_time\" content=\"2020-05-17T16:17:39+00:00\" \/>\n<meta name=\"twitter:card\" content=\"summary_large_image\" \/>\n<meta name=\"twitter:label1\" content=\"Tiempo de lectura\" \/>\n\t<meta name=\"twitter:data1\" content=\"5 minutos\" \/>\n<script type=\"application\/ld+json\" class=\"yoast-schema-graph\">{\"@context\":\"https:\/\/schema.org\",\"@graph\":[{\"@type\":\"WebPage\",\"@id\":\"https:\/\/entrecamins.com\/es\/eventos-y-actividades-a-medida\/\",\"url\":\"https:\/\/entrecamins.com\/es\/eventos-y-actividades-a-medida\/\",\"name\":\"Eventos y actividades a medida en la monta\u00f1a | Entrecamins\",\"isPartOf\":{\"@id\":\"https:\/\/entrecamins.com\/es\/#website\"},\"datePublished\":\"2020-05-13T08:09:41+00:00\",\"dateModified\":\"2020-05-17T16:17:39+00:00\",\"description\":\"Events y actividadesa medida en la monta\u00f1as del Parque Natural del Montsant, Priorat y Monta\u00f1as de Prades. Actividades para grupos o familias.\",\"breadcrumb\":{\"@id\":\"https:\/\/entrecamins.com\/es\/eventos-y-actividades-a-medida\/#breadcrumb\"},\"inLanguage\":\"es\",\"potentialAction\":[{\"@type\":\"ReadAction\",\"target\":[\"https:\/\/entrecamins.com\/es\/eventos-y-actividades-a-medida\/\"]}]},{\"@type\":\"BreadcrumbList\",\"@id\":\"https:\/\/entrecamins.com\/es\/eventos-y-actividades-a-medida\/#breadcrumb\",\"itemListElement\":[{\"@type\":\"ListItem\",\"position\":1,\"name\":\"Inici\",\"item\":\"https:\/\/entrecamins.com\/es\/\"},{\"@type\":\"ListItem\",\"position\":2,\"name\":\"Eventos y actividades a medida\"}]},{\"@type\":\"WebSite\",\"@id\":\"https:\/\/entrecamins.com\/es\/#website\",\"url\":\"https:\/\/entrecamins.com\/es\/\",\"name\":\"entrecamins.com\",\"description\":\"Entre camins\",\"potentialAction\":[{\"@type\":\"SearchAction\",\"target\":{\"@type\":\"EntryPoint\",\"urlTemplate\":\"https:\/\/entrecamins.com\/es\/?s={search_term_string}\"},\"query-input\":\"required name=search_term_string\"}],\"inLanguage\":\"es\"}]}<\/script>\n<!-- \/ Yoast SEO plugin. -->","yoast_head_json":{"title":"Eventos y actividades a medida en la monta\u00f1a | Entrecamins","description":"Events y actividadesa medida en la monta\u00f1as del Parque Natural del Montsant, Priorat y Monta\u00f1as de Prades. Actividades para grupos o familias.","robots":{"index":"index","follow":"follow","max-snippet":"max-snippet:-1","max-image-preview":"max-image-preview:large","max-video-preview":"max-video-preview:-1"},"canonical":"https:\/\/entrecamins.com\/es\/eventos-y-actividades-a-medida\/","og_locale":"es_ES","og_type":"article","og_title":"Eventos y actividades a medida en la monta\u00f1a | Entrecamins","og_description":"Events y actividadesa medida en la monta\u00f1as del Parque Natural del Montsant, Priorat y Monta\u00f1as de Prades. Actividades para grupos o familias.","og_url":"https:\/\/entrecamins.com\/es\/eventos-y-actividades-a-medida\/","og_site_name":"entrecamins.com","article_modified_time":"2020-05-17T16:17:39+00:00","twitter_card":"summary_large_image","twitter_misc":{"Tiempo de lectura":"5 minutos"},"schema":{"@context":"https:\/\/schema.org","@graph":[{"@type":"WebPage","@id":"https:\/\/entrecamins.com\/es\/eventos-y-actividades-a-medida\/","url":"https:\/\/entrecamins.com\/es\/eventos-y-actividades-a-medida\/","name":"Eventos y actividades a medida en la monta\u00f1a | Entrecamins","isPartOf":{"@id":"https:\/\/entrecamins.com\/es\/#website"},"datePublished":"2020-05-13T08:09:41+00:00","dateModified":"2020-05-17T16:17:39+00:00","description":"Events y actividadesa medida en la monta\u00f1as del Parque Natural del Montsant, Priorat y Monta\u00f1as de Prades. Actividades para grupos o familias.","breadcrumb":{"@id":"https:\/\/entrecamins.com\/es\/eventos-y-actividades-a-medida\/#breadcrumb"},"inLanguage":"es","potentialAction":[{"@type":"ReadAction","target":["https:\/\/entrecamins.com\/es\/eventos-y-actividades-a-medida\/"]}]},{"@type":"BreadcrumbList","@id":"https:\/\/entrecamins.com\/es\/eventos-y-actividades-a-medida\/#breadcrumb","itemListElement":[{"@type":"ListItem","position":1,"name":"Inici","item":"https:\/\/entrecamins.com\/es\/"},{"@type":"ListItem","position":2,"name":"Eventos y actividades a medida"}]},{"@type":"WebSite","@id":"https:\/\/entrecamins.com\/es\/#website","url":"https:\/\/entrecamins.com\/es\/","name":"entrecamins.com","description":"Entre camins","potentialAction":[{"@type":"SearchAction","target":{"@type":"EntryPoint","urlTemplate":"https:\/\/entrecamins.com\/es\/?s={search_term_string}"},"query-input":"required name=search_term_string"}],"inLanguage":"es"}]}},"_links":{"self":[{"href":"https:\/\/entrecamins.com\/es\/wp-json\/wp\/v2\/pages\/1748","targetHints":{"allow":["GET"]}}],"collection":[{"href":"https:\/\/entrecamins.com\/es\/wp-json\/wp\/v2\/pages"}],"about":[{"href":"https:\/\/entrecamins.com\/es\/wp-json\/wp\/v2\/types\/page"}],"author":[{"embeddable":true,"href":"https:\/\/entrecamins.com\/es\/wp-json\/wp\/v2\/users\/9"}],"replies":[{"embeddable":true,"href":"https:\/\/entrecamins.com\/es\/wp-json\/wp\/v2\/comments?post=1748"}],"version-history":[{"count":7,"href":"https:\/\/entrecamins.com\/es\/wp-json\/wp\/v2\/pages\/1748\/revisions"}],"predecessor-version":[{"id":1823,"href":"https:\/\/entrecamins.com\/es\/wp-json\/wp\/v2\/pages\/1748\/revisions\/1823"}],"wp:attachment":[{"href":"https:\/\/entrecamins.com\/es\/wp-json\/wp\/v2\/media?parent=1748"}],"curies":[{"name":"wp","href":"https:\/\/api.w.org\/{rel}","templated":true}]}}